{"id":836,"date":"2024-05-30T10:21:03","date_gmt":"2024-05-30T15:21:03","guid":{"rendered":"https:\/\/eurotech.optimussp.com\/?page_id=737"},"modified":"2024-05-30T12:26:17","modified_gmt":"2024-05-30T17:26:17","slug":"trabaja-con-nosotros","status":"publish","type":"page","link":"https:\/\/eurotechsac.com\/wp1\/trabaja-con-nosotros\/","title":{"rendered":"Trabaja con nosotros"},"content":{"rendered":"<p>[et_pb_section fb_built=&#8221;1&#8243; admin_label=&#8221;Contact Form&#8221; _builder_version=&#8221;4.25.1&#8243; _module_preset=&#8221;default&#8221; background_image=&#8221;https:\/\/eurotech.optimussp.com\/wp-content\/uploads\/2024\/04\/SERVICIO-1-MANTENIMIENTO-PREVENTIVO.jpg&#8221; collapsed=&#8221;off&#8221; global_colors_info=&#8221;{}&#8221;][et_pb_row _builder_version=&#8221;4.23.1&#8243; _module_preset=&#8221;default&#8221; custom_padding=&#8221;0px|||||&#8221; global_colors_info=&#8221;{}&#8221;][et_pb_column type=&#8221;4_4&#8243; _builder_version=&#8221;4.23.1&#8243; _module_preset=&#8221;default&#8221; global_colors_info=&#8221;{}&#8221;][et_pb_text admin_label=&#8221;Titulo Contactanos&#8221; _builder_version=&#8221;4.25.0&#8243; _module_preset=&#8221;_initial&#8221; header_font=&#8221;Archivo|700|||||||&#8221; header_text_color=&#8221;#FFFFFF&#8221; header_font_size=&#8221;72px&#8221; header_line_height=&#8221;1.2em&#8221; custom_padding=&#8221;18px||11px|||&#8221; header_font_size_tablet=&#8221;40px&#8221; header_font_size_phone=&#8221;24px&#8221; header_font_size_last_edited=&#8221;on|desktop&#8221; global_colors_info=&#8221;{}&#8221;]<\/p>\n<h1>Trabaja con Nosotros<\/h1>\n<p>[\/et_pb_text][\/et_pb_column][\/et_pb_row][et_pb_row column_structure=&#8221;1_3,1_3,1_3&#8243; _builder_version=&#8221;4.25.1&#8243; _module_preset=&#8221;default&#8221; custom_padding=&#8221;24px|||||&#8221; global_colors_info=&#8221;{}&#8221;][et_pb_column type=&#8221;1_3&#8243; _builder_version=&#8221;4.24.3&#8243; _module_preset=&#8221;default&#8221; background_color=&#8221;#000000&#8243; use_background_color_gradient=&#8221;on&#8221; background_color_gradient_direction=&#8221;130deg&#8221; background_color_gradient_stops=&#8221;rgba(145,159,214,0.86) 0%|#242b30 1%|rgba(5,105,132,0.99) 47%|gcid-c389346f-c7fc-4257-bd7f-fcd8e4ff1304 100%&#8221; custom_padding=&#8221;40px|40px|40px|40px|true|true&#8221; custom_padding_tablet=&#8221;30px|30px|30px|30px|true|true&#8221; custom_padding_phone=&#8221;20px|20px|20px|20px|true|true&#8221; custom_padding_last_edited=&#8221;on|desktop&#8221; animation_style=&#8221;flip&#8221; global_colors_info=&#8221;{%22gcid-c5ac2fa6-e0af-467d-8acd-84d31a07c95a%22:%91%22background_color_gradient_stops%22%93,%22gcid-c389346f-c7fc-4257-bd7f-fcd8e4ff1304%22:%91%22background_color_gradient_stops%22%93}&#8221;][et_pb_text admin_label=&#8221;Titulo Ventas&#8221; _builder_version=&#8221;4.25.1&#8243; _module_preset=&#8221;_initial&#8221; header_5_font=&#8221;Archivo|700|||||||&#8221; header_5_text_color=&#8221;#FFFFFF&#8221; header_5_font_size=&#8221;20px&#8221; header_5_line_height=&#8221;1.4em&#8221; custom_margin=&#8221;||10px||false|false&#8221; header_5_font_size_tablet=&#8221;16px&#8221; header_5_font_size_phone=&#8221;14px&#8221; header_5_font_size_last_edited=&#8221;on|desktop&#8221; global_colors_info=&#8221;{}&#8221;]<\/p>\n<h5>\u00danete a nuestro equipo y haz la diferencia<\/h5>\n<p>[\/et_pb_text][et_pb_text admin_label=&#8221;Parrafo de Ventas&#8221; _builder_version=&#8221;4.25.0&#8243; _module_preset=&#8221;_initial&#8221; text_font=&#8221;Poppins||||||||&#8221; text_text_color=&#8221;#FFFFFF&#8221; text_line_height=&#8221;1.6em&#8221; global_colors_info=&#8221;{}&#8221;]<\/p>\n<p>Eres Mec\u00e1nico y tienes compromiso te invitamos a formar parte de nuestro equipo<\/p>\n<p>[\/et_pb_text][\/et_pb_column][et_pb_column type=&#8221;1_3&#8243; _builder_version=&#8221;4.25.0&#8243; _module_preset=&#8221;default&#8221; background_color=&#8221;#000000&#8243; use_background_color_gradient=&#8221;on&#8221; background_color_gradient_direction=&#8221;20deg&#8221; background_color_gradient_stops=&#8221;#969bad 39%|#221f26 100%&#8221; custom_padding=&#8221;40px|40px|40px|40px|true|true&#8221; custom_padding_tablet=&#8221;30px|30px|30px|30px|true|true&#8221; custom_padding_phone=&#8221;20px|20px|20px|20px|true|true&#8221; custom_padding_last_edited=&#8221;on|desktop&#8221; animation_style=&#8221;flip&#8221; animation_direction=&#8221;left&#8221; global_colors_info=&#8221;{}&#8221;][et_pb_text admin_label=&#8221;Titulo Mant Vehicular&#8221; _builder_version=&#8221;4.25.1&#8243; _module_preset=&#8221;_initial&#8221; header_5_font=&#8221;Archivo|700|||||||&#8221; header_5_text_color=&#8221;#000000&#8243; header_5_font_size=&#8221;20px&#8221; header_5_line_height=&#8221;1.4em&#8221; custom_margin=&#8221;||10px||false|false&#8221; header_5_font_size_tablet=&#8221;16px&#8221; header_5_font_size_phone=&#8221;14px&#8221; header_5_font_size_last_edited=&#8221;on|desktop&#8221; global_colors_info=&#8221;{}&#8221;]<\/p>\n<h5><span style=\"color: #ffffff;\">Construye tu futuro con nosotros<\/span><\/h5>\n<p>[\/et_pb_text][et_pb_text admin_label=&#8221;Parrafo de Mant Vehic&#8221; _builder_version=&#8221;4.25.0&#8243; _module_preset=&#8221;_initial&#8221; text_font=&#8221;Poppins||||||||&#8221; text_text_color=&#8221;#000000&#8243; text_line_height=&#8221;1.6em&#8221; custom_padding=&#8221;||17px|||&#8221; global_colors_info=&#8221;{}&#8221;]<\/p>\n<p><span style=\"color: #ffffff;\">Aqui valoramos tu\u00a0 conocimiento y potenciamos tu crecimiento.<\/span><\/p>\n<p>[\/et_pb_text][\/et_pb_column][et_pb_column type=&#8221;1_3&#8243; _builder_version=&#8221;4.25.0&#8243; _module_preset=&#8221;default&#8221; background_color=&#8221;#000000&#8243; use_background_color_gradient=&#8221;on&#8221; background_color_gradient_direction=&#8221;130deg&#8221; background_color_gradient_stops=&#8221;#242b30 0%|#620ff5 47%&#8221; custom_padding=&#8221;40px|40px|40px|40px|true|true&#8221; custom_padding_tablet=&#8221;30px|30px|30px|30px|true|true&#8221; custom_padding_phone=&#8221;20px|20px|20px|20px|true|true&#8221; custom_padding_last_edited=&#8221;on|desktop&#8221; animation_style=&#8221;flip&#8221; animation_direction=&#8221;right&#8221; global_colors_info=&#8221;{}&#8221;][et_pb_text admin_label=&#8221;Titulo Escribenos&#8221; _builder_version=&#8221;4.25.1&#8243; _module_preset=&#8221;_initial&#8221; header_5_font=&#8221;Archivo|700|||||||&#8221; header_5_text_color=&#8221;#000000&#8243; header_5_font_size=&#8221;20px&#8221; header_5_line_height=&#8221;1.4em&#8221; custom_margin=&#8221;||10px||false|false&#8221; header_5_font_size_tablet=&#8221;16px&#8221; header_5_font_size_phone=&#8221;14px&#8221; header_5_font_size_last_edited=&#8221;on|desktop&#8221; global_colors_info=&#8221;{}&#8221;]<\/p>\n<h5><span style=\"color: #ffffff;\">Tu talento es lo que buscamos<\/span><\/h5>\n<p>[\/et_pb_text][et_pb_text admin_label=&#8221;Parrafo de Escribenos&#8221; _builder_version=&#8221;4.25.0&#8243; _module_preset=&#8221;_initial&#8221; text_font=&#8221;Poppins||||||||&#8221; text_text_color=&#8221;#000000&#8243; text_line_height=&#8221;1.6em&#8221; global_colors_info=&#8221;{}&#8221;]<\/p>\n<p><span style=\"color: #ffffff;\">El \u00e9xito se construye con personas entusiastas, queremos conocerte, deja tu CV<\/span><\/p>\n<p>[\/et_pb_text][\/et_pb_column][\/et_pb_row][et_pb_row _builder_version=&#8221;4.25.1&#8243; _module_preset=&#8221;default&#8221; custom_margin=&#8221;|auto|12px|auto||&#8221; global_colors_info=&#8221;{}&#8221;][et_pb_column type=&#8221;4_4&#8243; _builder_version=&#8221;4.25.1&#8243; _module_preset=&#8221;default&#8221; global_colors_info=&#8221;{}&#8221;][et_pb_text _builder_version=&#8221;4.25.1&#8243; _module_preset=&#8221;default&#8221; text_font=&#8221;|700||on|||||&#8221; text_text_color=&#8221;#FFFFFF&#8221; text_font_size=&#8221;16px&#8221; use_background_color_gradient=&#8221;on&#8221; background_color_gradient_stops=&#8221;#2b87da 35%|#28a6bf 85%&#8221; custom_padding=&#8221;15px|33px|20px|36px||&#8221; global_colors_info=&#8221;{}&#8221;]<\/p>\n<p style=\"text-align: justify;\">Si eres estudiante o profesional t\u00e9cnico con experiencia en mec\u00e1nica automotriz o electr\u00f3nica o afines y cuentas con ganas de seguir creciento, \u00bfQu\u00e9s esperas?, Podr\u00edas formar parte de nuestra gran familia y crecer con nosotros.<\/p>\n<p style=\"text-align: justify;\">Por favor, d\u00e9janos tus datos aqu\u00ed, adjunta tu CV que nosotros te contactaremos.<\/p>\n<p>[\/et_pb_text][\/et_pb_column][\/et_pb_row][et_pb_row column_structure=&#8221;1_2,1_2&#8243; _builder_version=&#8221;4.25.1&#8243; _module_preset=&#8221;default&#8221; background_color=&#8221;#0C71C3&#8243; background_enable_mask_style=&#8221;on&#8221; background_mask_style=&#8221;wave&#8221; background_mask_color=&#8221;#0e158f&#8221; min_height=&#8221;571.2px&#8221; custom_margin=&#8221;1px|auto|2px|auto||&#8221; custom_padding=&#8221;4px||0px|13px||&#8221; global_colors_info=&#8221;{}&#8221;][et_pb_column type=&#8221;1_2&#8243; _builder_version=&#8221;4.23.1&#8243; _module_preset=&#8221;default&#8221; global_colors_info=&#8221;{}&#8221;][ba_cf7_styler form_bg=&#8221;RGBA(255,255,255,0)&#8221; form_id=&#8221;832&#8243; form_background_color=&#8221;#FFFFFF&#8221; form_label_spacing=&#8221;2px&#8221; cr_custom_styles=&#8221;on&#8221; cr_size=&#8221;0px&#8221; cr_background_color=&#8221;RGBA(255,255,255,0)&#8221; cr_border_size=&#8221;2px&#8221; cr_label_color=&#8221;RGBA(255,255,255,0)&#8221; cf7_message_color=&#8221;#FFFFFF&#8221; cf7_success_message_color=&#8221;#FFFFFF&#8221; cf7_message_padding=&#8221;3px&#8221; _builder_version=&#8221;4.25.1&#8243; _module_preset=&#8221;default&#8221; form_field_font_text_color=&#8221;#000000&#8243; labels_text_color=&#8221;#FFFFFF&#8221; background_color=&#8221;#0e158f&#8221; custom_submit_button=&#8221;on&#8221; submit_button_text_size=&#8221;14px&#8221; submit_button_text_color=&#8221;#0e158f&#8221; submit_button_bg_color=&#8221;#FFFFFF&#8221; submit_button_border_width=&#8221;0px&#8221; submit_button_border_radius=&#8221;13px&#8221; submit_button_font=&#8221;|700|||||||&#8221; submit_button_custom_margin=&#8221;42px||||false|false&#8221; min_height=&#8221;525.4px&#8221; custom_margin=&#8221;||-3px|||&#8221; custom_padding=&#8221;37px|28px|9px|34px||&#8221; filter_saturate=&#8221;28%&#8221; filter_brightness=&#8221;124%&#8221; hover_enabled=&#8221;0&#8243; border_style_left=&#8221;none&#8221; border_width_all_field=&#8221;4px&#8221; border_color_all_field=&#8221;RGBA(255,255,255,0)&#8221; global_colors_info=&#8221;{}&#8221; sticky_enabled=&#8221;0&#8243;][\/ba_cf7_styler][\/et_pb_column][et_pb_column type=&#8221;1_2&#8243; _builder_version=&#8221;4.25.1&#8243; _module_preset=&#8221;default&#8221; background_enable_mask_style=&#8221;on&#8221; background_mask_style=&#8221;wave&#8221; background_mask_color=&#8221;#0e158f&#8221; global_colors_info=&#8221;{}&#8221;][et_pb_text _builder_version=&#8221;4.25.1&#8243; _module_preset=&#8221;default&#8221; text_font=&#8221;|600|||||||&#8221; text_text_color=&#8221;#FFFFFF&#8221; custom_padding=&#8221;111px|34px|131px|||&#8221; global_colors_info=&#8221;{}&#8221;]<\/p>\n<h2 style=\"text-align: center;\"><span style=\"color: #ffffff;\">ENLACES A LAS POL\u00cdTICAS DE EUROTECH SAC<\/span><\/h2>\n<p>[\/et_pb_text][et_pb_button button_url=&#8221;@ET-DC@eyJkeW5hbWljIjp0cnVlLCJjb250ZW50IjoicG9zdF9saW5rX3VybF9wb3N0Iiwic2V0dGluZ3MiOnsicG9zdF9pZCI6IjgyMiJ9fQ==@&#8221; url_new_window=&#8221;on&#8221; button_text=&#8221;Ver T\u00e9rminos y Condiciones&#8221; button_alignment=&#8221;center&#8221; admin_label=&#8221;TermCond&#8221; _builder_version=&#8221;4.25.1&#8243; _module_preset=&#8221;default&#8221; background_layout=&#8221;dark&#8221; custom_padding=&#8221;|||20px||&#8221; hover_enabled=&#8221;0&#8243; global_colors_info=&#8221;{}&#8221; _dynamic_attributes=&#8221;button_url&#8221; sticky_enabled=&#8221;0&#8243;][\/et_pb_button][et_pb_button button_url=&#8221;@ET-DC@eyJkeW5hbWljIjp0cnVlLCJjb250ZW50IjoicG9zdF9saW5rX3VybF9wb3N0Iiwic2V0dGluZ3MiOnsicG9zdF9pZCI6Ijc3NyJ9fQ==@&#8221; url_new_window=&#8221;on&#8221; button_text=&#8221;Ver Pol\u00edtica de Protecci\u00f3n de datos personales&#8221; button_alignment=&#8221;center&#8221; _builder_version=&#8221;4.25.1&#8243; _module_preset=&#8221;default&#8221; background_layout=&#8221;dark&#8221; hover_enabled=&#8221;0&#8243; global_colors_info=&#8221;{}&#8221; _dynamic_attributes=&#8221;button_url&#8221; sticky_enabled=&#8221;0&#8243;][\/et_pb_button][\/et_pb_column][\/et_pb_row][\/et_pb_section]<\/p>\n","protected":false},"excerpt":{"rendered":"<p>Trabaja con Nosotros\u00danete a nuestro equipo y haz la diferenciaEres Mec\u00e1nico y tienes compromiso te invitamos a formar parte de nuestro equipoConstruye tu futuro con nosotrosAqui valoramos tu\u00a0 conocimiento y potenciamos tu crecimiento.Tu talento es lo que buscamosEl \u00e9xito se construye con personas entusiastas, queremos conocerte, deja tu CVSi eres estudiante o profesional t\u00e9cnico con [&hellip;]<\/p>\n","protected":false},"author":1,"featured_media":0,"parent":0,"menu_order":0,"comment_status":"closed","ping_status":"closed","template":"","meta":{"_et_pb_use_builder":"on","_et_pb_old_content":"","_et_gb_content_width":"","footnotes":""},"class_list":["post-836","page","type-page","status-publish","hentry"],"_links":{"self":[{"href":"https:\/\/eurotechsac.com\/wp1\/wp-json\/wp\/v2\/pages\/836","targetHints":{"allow":["GET"]}}],"collection":[{"href":"https:\/\/eurotechsac.com\/wp1\/wp-json\/wp\/v2\/pages"}],"about":[{"href":"https:\/\/eurotechsac.com\/wp1\/wp-json\/wp\/v2\/types\/page"}],"author":[{"embeddable":true,"href":"https:\/\/eurotechsac.com\/wp1\/wp-json\/wp\/v2\/users\/1"}],"replies":[{"embeddable":true,"href":"https:\/\/eurotechsac.com\/wp1\/wp-json\/wp\/v2\/comments?post=836"}],"version-history":[{"count":2,"href":"https:\/\/eurotechsac.com\/wp1\/wp-json\/wp\/v2\/pages\/836\/revisions"}],"predecessor-version":[{"id":838,"href":"https:\/\/eurotechsac.com\/wp1\/wp-json\/wp\/v2\/pages\/836\/revisions\/838"}],"wp:attachment":[{"href":"https:\/\/eurotechsac.com\/wp1\/wp-json\/wp\/v2\/media?parent=836"}],"curies":[{"name":"wp","href":"https:\/\/api.w.org\/{rel}","templated":true}]}}