{"id":357,"date":"2024-04-18T13:09:11","date_gmt":"2024-04-18T18:09:11","guid":{"rendered":"https:\/\/eurotech.optimussp.com\/?page_id=357"},"modified":"2025-01-22T14:55:22","modified_gmt":"2025-01-22T19:55:22","slug":"contacto","status":"publish","type":"page","link":"https:\/\/eurotechsac.com\/wp1\/contacto\/","title":{"rendered":"Contacto"},"content":{"rendered":"<p>[et_pb_section fb_built=&#8221;1&#8243; admin_label=&#8221;Contact Form&#8221; _builder_version=&#8221;4.24.3&#8243; _module_preset=&#8221;default&#8221; background_color=&#8221;#000000&#8243; background_image=&#8221;https:\/\/eurotechsac.com\/wp1\/wp-content\/uploads\/2024\/04\/Auto-plata-en-la-carretera.png&#8221; background_size=&#8221;contain&#8221; background_position=&#8221;bottom_center&#8221; custom_padding=&#8221;0px||8vw||false|false&#8221; collapsed=&#8221;off&#8221; global_colors_info=&#8221;{}&#8221;][et_pb_row _builder_version=&#8221;4.23.1&#8243; _module_preset=&#8221;default&#8221; custom_padding=&#8221;0px|||||&#8221; global_colors_info=&#8221;{}&#8221;][et_pb_column type=&#8221;4_4&#8243; _builder_version=&#8221;4.23.1&#8243; _module_preset=&#8221;default&#8221; global_colors_info=&#8221;{}&#8221;][et_pb_text admin_label=&#8221;Titulo Contactanos&#8221; _builder_version=&#8221;4.25.0&#8243; _module_preset=&#8221;_initial&#8221; header_font=&#8221;Archivo|700|||||||&#8221; header_text_color=&#8221;#FFFFFF&#8221; header_font_size=&#8221;72px&#8221; header_line_height=&#8221;1.2em&#8221; custom_padding=&#8221;18px||36px|||&#8221; header_font_size_tablet=&#8221;40px&#8221; header_font_size_phone=&#8221;24px&#8221; header_font_size_last_edited=&#8221;on|desktop&#8221; global_colors_info=&#8221;{}&#8221;]<\/p>\n<h1>Cont\u00e1ctanos<\/h1>\n<p>[\/et_pb_text][\/et_pb_column][\/et_pb_row][et_pb_row column_structure=&#8221;1_3,1_3,1_3&#8243; _builder_version=&#8221;4.25.0&#8243; _module_preset=&#8221;default&#8221; global_colors_info=&#8221;{}&#8221;][et_pb_column type=&#8221;1_3&#8243; _builder_version=&#8221;4.24.3&#8243; _module_preset=&#8221;default&#8221; background_color=&#8221;#000000&#8243; use_background_color_gradient=&#8221;on&#8221; background_color_gradient_direction=&#8221;130deg&#8221; background_color_gradient_stops=&#8221;rgba(145,159,214,0.86) 0%|#242b30 1%|rgba(5,105,132,0.99) 47%|gcid-c389346f-c7fc-4257-bd7f-fcd8e4ff1304 100%&#8221; custom_padding=&#8221;40px|40px|40px|40px|true|true&#8221; custom_padding_tablet=&#8221;30px|30px|30px|30px|true|true&#8221; custom_padding_phone=&#8221;20px|20px|20px|20px|true|true&#8221; custom_padding_last_edited=&#8221;on|desktop&#8221; animation_style=&#8221;flip&#8221; global_colors_info=&#8221;{%22gcid-c5ac2fa6-e0af-467d-8acd-84d31a07c95a%22:%91%22background_color_gradient_stops%22%93,%22gcid-c389346f-c7fc-4257-bd7f-fcd8e4ff1304%22:%91%22background_color_gradient_stops%22%93}&#8221;][et_pb_text admin_label=&#8221;Titulo Ventas&#8221; _builder_version=&#8221;4.25.0&#8243; _module_preset=&#8221;_initial&#8221; header_5_font=&#8221;Archivo|700|||||||&#8221; header_5_text_color=&#8221;#FFFFFF&#8221; header_5_font_size=&#8221;20px&#8221; header_5_line_height=&#8221;1.4em&#8221; custom_margin=&#8221;||10px||false|false&#8221; header_5_font_size_tablet=&#8221;16px&#8221; header_5_font_size_phone=&#8221;14px&#8221; header_5_font_size_last_edited=&#8221;on|desktop&#8221; global_colors_info=&#8221;{}&#8221;]<\/p>\n<h5>Ventas<\/h5>\n<p>[\/et_pb_text][et_pb_text admin_label=&#8221;Parrafo de Ventas&#8221; _builder_version=&#8221;4.25.0&#8243; _module_preset=&#8221;_initial&#8221; text_font=&#8221;Poppins||||||||&#8221; text_text_color=&#8221;#FFFFFF&#8221; text_line_height=&#8221;1.6em&#8221; global_colors_info=&#8221;{}&#8221;]<\/p>\n<p>Chatea con nosotros para obtener respuestos y accesorios ahora mismo.<\/p>\n<p>[\/et_pb_text][et_pb_button button_url=&#8221;https:\/\/wa.me\/51994017896&#8243; url_new_window=&#8221;on&#8221; button_text=&#8221;Chateemos&#8221; button_alignment=&#8221;center&#8221; admin_label=&#8221;Boton chat&#8221; _builder_version=&#8221;4.25.1&#8243; _module_preset=&#8221;_initial&#8221; custom_button=&#8221;on&#8221; button_text_size=&#8221;16px&#8221; button_text_color=&#8221;#FFFFFF&#8221; button_bg_color=&#8221;RGBA(255,255,255,0)&#8221; button_border_color=&#8221;#FFFFFF&#8221; button_border_radius=&#8221;100px&#8221; button_font=&#8221;Archivo|500||on|||||&#8221; button_icon=&#8221;&#x24;||divi||400&#8243; custom_margin=&#8221;||28px|||&#8221; custom_padding=&#8221;12px|24px|12px|24px|true|true&#8221; global_colors_info=&#8221;{}&#8221;][\/et_pb_button][\/et_pb_column][et_pb_column type=&#8221;1_3&#8243; _builder_version=&#8221;4.25.0&#8243; _module_preset=&#8221;default&#8221; background_color=&#8221;#000000&#8243; use_background_color_gradient=&#8221;on&#8221; background_color_gradient_direction=&#8221;20deg&#8221; background_color_gradient_stops=&#8221;#969bad 39%|#221f26 100%&#8221; custom_padding=&#8221;40px|40px|40px|40px|true|true&#8221; custom_padding_tablet=&#8221;30px|30px|30px|30px|true|true&#8221; custom_padding_phone=&#8221;20px|20px|20px|20px|true|true&#8221; custom_padding_last_edited=&#8221;on|desktop&#8221; animation_style=&#8221;flip&#8221; animation_direction=&#8221;left&#8221; global_colors_info=&#8221;{}&#8221;][et_pb_text admin_label=&#8221;Titulo Mant Vehicular&#8221; _builder_version=&#8221;4.25.0&#8243; _module_preset=&#8221;_initial&#8221; header_5_font=&#8221;Archivo|700|||||||&#8221; header_5_text_color=&#8221;#000000&#8243; header_5_font_size=&#8221;20px&#8221; header_5_line_height=&#8221;1.4em&#8221; custom_margin=&#8221;||10px||false|false&#8221; header_5_font_size_tablet=&#8221;16px&#8221; header_5_font_size_phone=&#8221;14px&#8221; header_5_font_size_last_edited=&#8221;on|desktop&#8221; global_colors_info=&#8221;{}&#8221;]<\/p>\n<h5><span style=\"color: #ffffff;\">Mantenimiento vehicular<\/span><\/h5>\n<p>[\/et_pb_text][et_pb_text admin_label=&#8221;Parrafo de Mant Vehic&#8221; _builder_version=&#8221;4.25.0&#8243; _module_preset=&#8221;_initial&#8221; text_font=&#8221;Poppins||||||||&#8221; text_text_color=&#8221;#000000&#8243; text_line_height=&#8221;1.6em&#8221; custom_padding=&#8221;||17px|||&#8221; global_colors_info=&#8221;{}&#8221;]<\/p>\n<p><span style=\"color: #ffffff;\">Reserva tu cita de mantenimiento preventivo o correctivo aqui.<\/span><\/p>\n<p>[\/et_pb_text][et_pb_button button_url=&#8221;@ET-DC@eyJkeW5hbWljIjp0cnVlLCJjb250ZW50IjoicG9zdF9saW5rX3VybF9wYWdlIiwic2V0dGluZ3MiOnsicG9zdF9pZCI6IjIzIn19@&#8221; button_text=&#8221;Agenda tu cita&#8221; button_alignment=&#8221;center&#8221; admin_label=&#8221;Boton Cita&#8221; _builder_version=&#8221;4.25.1&#8243; _dynamic_attributes=&#8221;button_url&#8221; _module_preset=&#8221;_initial&#8221; custom_button=&#8221;on&#8221; button_text_size=&#8221;16px&#8221; button_text_color=&#8221;#FFFFFF&#8221; button_bg_color=&#8221;#000000&#8243; button_border_width=&#8221;0px&#8221; button_border_radius=&#8221;100px&#8221; button_font=&#8221;Archivo|500||on|||||&#8221; button_icon=&#8221;&#x24;||divi||400&#8243; custom_margin=&#8221;4px||25px|||&#8221; custom_padding=&#8221;20px|24px|20px|24px|true|true&#8221; global_colors_info=&#8221;{}&#8221;][\/et_pb_button][\/et_pb_column][et_pb_column type=&#8221;1_3&#8243; _builder_version=&#8221;4.25.0&#8243; _module_preset=&#8221;default&#8221; background_color=&#8221;#000000&#8243; use_background_color_gradient=&#8221;on&#8221; background_color_gradient_direction=&#8221;130deg&#8221; background_color_gradient_stops=&#8221;#242b30 0%|#620ff5 47%&#8221; custom_padding=&#8221;40px|40px|40px|40px|true|true&#8221; custom_padding_tablet=&#8221;30px|30px|30px|30px|true|true&#8221; custom_padding_phone=&#8221;20px|20px|20px|20px|true|true&#8221; custom_padding_last_edited=&#8221;on|desktop&#8221; animation_style=&#8221;flip&#8221; animation_direction=&#8221;right&#8221; global_colors_info=&#8221;{}&#8221;][et_pb_text admin_label=&#8221;Titulo Escribenos&#8221; _builder_version=&#8221;4.25.0&#8243; _module_preset=&#8221;_initial&#8221; header_5_font=&#8221;Archivo|700|||||||&#8221; header_5_text_color=&#8221;#000000&#8243; header_5_font_size=&#8221;20px&#8221; header_5_line_height=&#8221;1.4em&#8221; custom_margin=&#8221;||10px||false|false&#8221; header_5_font_size_tablet=&#8221;16px&#8221; header_5_font_size_phone=&#8221;14px&#8221; header_5_font_size_last_edited=&#8221;on|desktop&#8221; global_colors_info=&#8221;{}&#8221;]<\/p>\n<h5><span style=\"color: #ffffff;\">Escr\u00edbenos<\/span><\/h5>\n<p>[\/et_pb_text][et_pb_text admin_label=&#8221;Parrafo de Escribenos&#8221; _builder_version=&#8221;4.25.0&#8243; _module_preset=&#8221;_initial&#8221; text_font=&#8221;Poppins||||||||&#8221; text_text_color=&#8221;#000000&#8243; text_line_height=&#8221;1.6em&#8221; global_colors_info=&#8221;{}&#8221;]<\/p>\n<p><span style=\"color: #ffffff;\">Para resolver tus dudas inmediatamente, escr\u00edbenos en el formulario adjunto o ll\u00e1manos.<\/span><\/p>\n<p>[\/et_pb_text][et_pb_text admin_label=&#8221;Nro telefono&#8221; _builder_version=&#8221;4.27.0&#8243; _module_preset=&#8221;_initial&#8221; header_4_font=&#8221;Archivo|700|||||||&#8221; header_4_text_color=&#8221;#000000&#8243; header_4_font_size=&#8221;25px&#8221; header_4_line_height=&#8221;1.4em&#8221; custom_margin=&#8221;||-3px|||&#8221; custom_padding=&#8221;||0px|||&#8221; header_4_font_size_tablet=&#8221;16px&#8221; header_4_font_size_phone=&#8221;15px&#8221; header_4_font_size_last_edited=&#8221;on|desktop&#8221; global_colors_info=&#8221;{}&#8221;]<\/p>\n<h4><span style=\"color: #ffffff;\">(+51) 912-402-831<\/span><\/h4>\n<p>[\/et_pb_text][et_pb_text admin_label=&#8221;Nro telefono&#8221; _builder_version=&#8221;4.25.0&#8243; _module_preset=&#8221;_initial&#8221; header_4_font=&#8221;Archivo|700|||||||&#8221; header_4_text_color=&#8221;#000000&#8243; header_4_font_size=&#8221;25px&#8221; header_4_line_height=&#8221;1.4em&#8221; custom_padding=&#8221;0px|||||&#8221; header_4_font_size_tablet=&#8221;16px&#8221; header_4_font_size_phone=&#8221;15px&#8221; header_4_font_size_last_edited=&#8221;on|desktop&#8221; global_colors_info=&#8221;{}&#8221;]<\/p>\n<h4><span style=\"color: #ffffff;\">(+51) 1 402-6058<\/span><\/h4>\n<p>[\/et_pb_text][\/et_pb_column][\/et_pb_row][et_pb_row _builder_version=&#8221;4.23.1&#8243; _module_preset=&#8221;default&#8221; global_colors_info=&#8221;{}&#8221;][et_pb_column type=&#8221;4_4&#8243; _builder_version=&#8221;4.23.1&#8243; _module_preset=&#8221;default&#8221; global_colors_info=&#8221;{}&#8221;][et_pb_contact_form captcha=&#8221;off&#8221; email=&#8221;lf.eurotechsac@gmail.com&#8221; submit_button_text=&#8221;Enviar&#8221; _builder_version=&#8221;4.25.1&#8243; _module_preset=&#8221;_initial&#8221; _unique_id=&#8221;3b9ff40e-5f34-4f1e-8605-88cf2b55a7ef&#8221; form_field_background_color=&#8221;#000000&#8243; form_field_text_color=&#8221;#FFFFFF&#8221; form_field_custom_padding=&#8221;24px|24px|24px|24px|true|true&#8221; form_field_font=&#8221;Archivo|700||on|||||&#8221; custom_button=&#8221;on&#8221; button_text_size=&#8221;16px&#8221; button_text_color=&#8221;#FFFFFF&#8221; button_bg_color=&#8221;#000000&#8243; button_border_width=&#8221;0px&#8221; button_border_radius=&#8221;100px&#8221; button_font=&#8221;Archivo|500||on|||||&#8221; button_custom_padding=&#8221;12px|24px|12px|24px|true|true&#8221; filter_opacity=&#8221;64%&#8221; border_width_all=&#8221;2px&#8221; border_color_all=&#8221;#666666&#8243; box_shadow_style_button=&#8221;preset1&#8243; locked=&#8221;off&#8221; global_colors_info=&#8221;{%22gcid-0284e1b1-b48e-4862-833f-8c79cee6d042%22:%91%22form_field_text_color%22%93}&#8221;][et_pb_contact_field field_id=&#8221;Name&#8221; field_title=&#8221;Nombre y Apelidos&#8221; fullwidth_field=&#8221;on&#8221; _builder_version=&#8221;4.25.0&#8243; _module_preset=&#8221;default&#8221; form_field_text_color=&#8221;#FFFFFF&#8221; filter_opacity=&#8221;77%&#8221; global_colors_info=&#8221;{}&#8221; button_text_size__hover_enabled=&#8221;off&#8221; button_one_text_size__hover_enabled=&#8221;off&#8221; button_two_text_size__hover_enabled=&#8221;off&#8221; button_text_color__hover_enabled=&#8221;off&#8221; button_one_text_color__hover_enabled=&#8221;off&#8221; button_two_text_color__hover_enabled=&#8221;off&#8221; button_border_width__hover_enabled=&#8221;off&#8221; button_one_border_width__hover_enabled=&#8221;off&#8221; button_two_border_width__hover_enabled=&#8221;off&#8221; button_border_color__hover_enabled=&#8221;off&#8221; button_one_border_color__hover_enabled=&#8221;off&#8221; button_two_border_color__hover_enabled=&#8221;off&#8221; button_border_radius__hover_enabled=&#8221;off&#8221; button_one_border_radius__hover_enabled=&#8221;off&#8221; button_two_border_radius__hover_enabled=&#8221;off&#8221; button_letter_spacing__hover_enabled=&#8221;off&#8221; button_one_letter_spacing__hover_enabled=&#8221;off&#8221; button_two_letter_spacing__hover_enabled=&#8221;off&#8221; button_bg_color__hover_enabled=&#8221;off&#8221; button_one_bg_color__hover_enabled=&#8221;off&#8221; button_two_bg_color__hover_enabled=&#8221;off&#8221;][\/et_pb_contact_field][et_pb_contact_field field_id=&#8221;Email&#8221; field_title=&#8221;Email&#8221; field_type=&#8221;email&#8221; fullwidth_field=&#8221;on&#8221; _builder_version=&#8221;4.25.0&#8243; _module_preset=&#8221;default&#8221; form_field_text_color=&#8221;#FFFFFF&#8221; filter_opacity=&#8221;77%&#8221; global_colors_info=&#8221;{}&#8221; button_text_size__hover_enabled=&#8221;off&#8221; button_one_text_size__hover_enabled=&#8221;off&#8221; button_two_text_size__hover_enabled=&#8221;off&#8221; button_text_color__hover_enabled=&#8221;off&#8221; button_one_text_color__hover_enabled=&#8221;off&#8221; button_two_text_color__hover_enabled=&#8221;off&#8221; button_border_width__hover_enabled=&#8221;off&#8221; button_one_border_width__hover_enabled=&#8221;off&#8221; button_two_border_width__hover_enabled=&#8221;off&#8221; button_border_color__hover_enabled=&#8221;off&#8221; button_one_border_color__hover_enabled=&#8221;off&#8221; button_two_border_color__hover_enabled=&#8221;off&#8221; button_border_radius__hover_enabled=&#8221;off&#8221; button_one_border_radius__hover_enabled=&#8221;off&#8221; button_two_border_radius__hover_enabled=&#8221;off&#8221; button_letter_spacing__hover_enabled=&#8221;off&#8221; button_one_letter_spacing__hover_enabled=&#8221;off&#8221; button_two_letter_spacing__hover_enabled=&#8221;off&#8221; button_bg_color__hover_enabled=&#8221;off&#8221; button_one_bg_color__hover_enabled=&#8221;off&#8221; button_two_bg_color__hover_enabled=&#8221;off&#8221;][\/et_pb_contact_field][et_pb_contact_field field_id=&#8221;Message&#8221; field_title=&#8221;Mensaje&#8221; field_type=&#8221;text&#8221; fullwidth_field=&#8221;on&#8221; _builder_version=&#8221;4.25.1&#8243; _module_preset=&#8221;default&#8221; form_field_text_color=&#8221;#FFFFFF&#8221; filter_opacity=&#8221;77%&#8221; global_colors_info=&#8221;{}&#8221; button_text_size__hover_enabled=&#8221;off&#8221; button_one_text_size__hover_enabled=&#8221;off&#8221; button_two_text_size__hover_enabled=&#8221;off&#8221; button_text_color__hover_enabled=&#8221;off&#8221; button_one_text_color__hover_enabled=&#8221;off&#8221; button_two_text_color__hover_enabled=&#8221;off&#8221; button_border_width__hover_enabled=&#8221;off&#8221; button_one_border_width__hover_enabled=&#8221;off&#8221; button_two_border_width__hover_enabled=&#8221;off&#8221; button_border_color__hover_enabled=&#8221;off&#8221; button_one_border_color__hover_enabled=&#8221;off&#8221; button_two_border_color__hover_enabled=&#8221;off&#8221; button_border_radius__hover_enabled=&#8221;off&#8221; button_one_border_radius__hover_enabled=&#8221;off&#8221; button_two_border_radius__hover_enabled=&#8221;off&#8221; button_letter_spacing__hover_enabled=&#8221;off&#8221; button_one_letter_spacing__hover_enabled=&#8221;off&#8221; button_two_letter_spacing__hover_enabled=&#8221;off&#8221; button_bg_color__hover_enabled=&#8221;off&#8221; button_one_bg_color__hover_enabled=&#8221;off&#8221; button_two_bg_color__hover_enabled=&#8221;off&#8221;][\/et_pb_contact_field][et_pb_contact_field field_id=&#8221;Termcond&#8221; field_title=&#8221; &#8221; field_type=&#8221;checkbox&#8221; checkbox_options=&#8221;%91{%22value%22:%22 %22,%22checked%22:0,%22dragID%22:-1,%22link_text%22:%22Acepto T\u00e9rminos y Condiciones%22,%22link_url%22:%22https:\/\/eurotechsac.com\/wp1\/2024\/05\/29\/terminos-y-condiciones\/%22}%93&#8243; fullwidth_field=&#8221;on&#8221; _builder_version=&#8221;4.25.1&#8243; _module_preset=&#8221;default&#8221; form_field_background_color=&#8221;RGBA(255,255,255,0)&#8221; global_colors_info=&#8221;{}&#8221;][\/et_pb_contact_field][et_pb_contact_field field_id=&#8221;ProtDatPers&#8221; field_title=&#8221; &#8221; field_type=&#8221;checkbox&#8221; checkbox_options=&#8221;%91{%22value%22:%22 %22,%22checked%22:0,%22dragID%22:-1,%22link_text%22:%22Acepto Condiciones de Protecci\u00f3n de datos personales%22,%22link_url%22:%22https:\/\/eurotechsac.com\/wp1\/2024\/05\/23\/777\/%22}%93&#8243; fullwidth_field=&#8221;on&#8221; _builder_version=&#8221;4.25.1&#8243; _module_preset=&#8221;default&#8221; form_field_background_color=&#8221;RGBA(255,255,255,0)&#8221; global_colors_info=&#8221;{}&#8221;][\/et_pb_contact_field][\/et_pb_contact_form][\/et_pb_column][\/et_pb_row][\/et_pb_section]<\/p>\n","protected":false},"excerpt":{"rendered":"<p>Cont\u00e1ctanosVentasChatea con nosotros para obtener respuestos y accesorios ahora mismo.Mantenimiento vehicularReserva tu cita de mantenimiento preventivo o correctivo aqui.Escr\u00edbenosPara resolver tus dudas inmediatamente, escr\u00edbenos en el formulario adjunto o ll\u00e1manos.(+51) 912-402-831(+51) 1 402-6058<\/p>\n","protected":false},"author":1,"featured_media":0,"parent":0,"menu_order":0,"comment_status":"closed","ping_status":"closed","template":"","meta":{"_et_pb_use_builder":"on","_et_pb_old_content":"","_et_gb_content_width":"","footnotes":""},"class_list":["post-357","page","type-page","status-publish","hentry"],"_links":{"self":[{"href":"https:\/\/eurotechsac.com\/wp1\/wp-json\/wp\/v2\/pages\/357","targetHints":{"allow":["GET"]}}],"collection":[{"href":"https:\/\/eurotechsac.com\/wp1\/wp-json\/wp\/v2\/pages"}],"about":[{"href":"https:\/\/eurotechsac.com\/wp1\/wp-json\/wp\/v2\/types\/page"}],"author":[{"embeddable":true,"href":"https:\/\/eurotechsac.com\/wp1\/wp-json\/wp\/v2\/users\/1"}],"replies":[{"embeddable":true,"href":"https:\/\/eurotechsac.com\/wp1\/wp-json\/wp\/v2\/comments?post=357"}],"version-history":[{"count":6,"href":"https:\/\/eurotechsac.com\/wp1\/wp-json\/wp\/v2\/pages\/357\/revisions"}],"predecessor-version":[{"id":884,"href":"https:\/\/eurotechsac.com\/wp1\/wp-json\/wp\/v2\/pages\/357\/revisions\/884"}],"wp:attachment":[{"href":"https:\/\/eurotechsac.com\/wp1\/wp-json\/wp\/v2\/media?parent=357"}],"curies":[{"name":"wp","href":"https:\/\/api.w.org\/{rel}","templated":true}]}}