{"id":23,"date":"2024-03-27T23:50:40","date_gmt":"2024-03-27T23:50:40","guid":{"rendered":"https:\/\/eurotech.optimussp.com\/contact\/"},"modified":"2025-01-22T14:51:32","modified_gmt":"2025-01-22T19:51:32","slug":"citas","status":"publish","type":"page","link":"https:\/\/eurotechsac.com\/wp1\/citas\/","title":{"rendered":"Citas"},"content":{"rendered":"<p>[et_pb_section fb_built=&#8221;1&#8243; _builder_version=&#8221;4.25.0&#8243; _module_preset=&#8221;default&#8221; background_color=&#8221;rgba(0,0,0,0.57)&#8221; background_image=&#8221;https:\/\/eurotechsac.com\/wp1\/wp-content\/uploads\/2024\/04\/Banner-Portada-2.png&#8221; background_blend=&#8221;overlay&#8221; global_colors_info=&#8221;{}&#8221;][et_pb_row _builder_version=&#8221;4.25.0&#8243; _module_preset=&#8221;default&#8221; global_colors_info=&#8221;{}&#8221;][et_pb_column type=&#8221;4_4&#8243; _builder_version=&#8221;4.25.0&#8243; _module_preset=&#8221;default&#8221; global_colors_info=&#8221;{}&#8221;][et_pb_text admin_label=&#8221;Titulo Citas&#8221; _builder_version=&#8221;4.25.0&#8243; _module_preset=&#8221;default&#8221; header_font=&#8221;|700|||||||&#8221; header_text_color=&#8221;#FFFFFF&#8221; header_font_size=&#8221;47px&#8221; global_colors_info=&#8221;{}&#8221;]<\/p>\n<h1 style=\"text-align: right;\">CITAS<\/h1>\n<p>[\/et_pb_text][\/et_pb_column][\/et_pb_row][\/et_pb_section][et_pb_section fb_built=&#8221;1&#8243; admin_label=&#8221;section&#8221; _builder_version=&#8221;4.25.0&#8243; background_color=&#8221;#000000&#8243; custom_margin=&#8221;-38px|||||&#8221; global_colors_info=&#8221;{}&#8221;][et_pb_row column_structure=&#8221;1_2,1_2&#8243; _builder_version=&#8221;4.25.0&#8243; _module_preset=&#8221;default&#8221; global_colors_info=&#8221;{}&#8221;][et_pb_column type=&#8221;1_2&#8243; _builder_version=&#8221;4.25.0&#8243; _module_preset=&#8221;default&#8221; global_colors_info=&#8221;{}&#8221;][et_pb_code admin_label=&#8221;Tidy Calendar (code)&#8221; _builder_version=&#8221;4.25.1&#8243; _module_preset=&#8221;default&#8221; custom_margin=&#8221;-180px||||false|false&#8221; global_colors_info=&#8221;{}&#8221;]<\/p>\n<div class=\"tidycal-embed\" data-path=\"lfeurotechsac\/20-minute-meeting\"><\/div>\n<p><!-- [et_pb_line_break_holder] --><script src=\"https:\/\/asset-tidycal.b-cdn.net\/js\/embed.js\" async><\/script>[\/et_pb_code][\/et_pb_column][et_pb_column type=&#8221;1_2&#8243; _builder_version=&#8221;4.25.0&#8243; _module_preset=&#8221;default&#8221; global_colors_info=&#8221;{}&#8221;][et_pb_text admin_label=&#8221;Titulo: direcci\u00f3n del taller&#8221; _builder_version=&#8221;4.25.1&#8243; _module_preset=&#8221;default&#8221; header_font=&#8221;|700|||||||&#8221; header_text_align=&#8221;center&#8221; header_text_color=&#8221;#FFFFFF&#8221; background_color=&#8221;gcid-270b494a-7797-4179-a3cb-58e2ea5a2b33&#8243; custom_padding=&#8221;13px||8px|||&#8221; global_colors_info=&#8221;{%22gcid-270b494a-7797-4179-a3cb-58e2ea5a2b33%22:%91%22background_color%22%93}&#8221;]<\/p>\n<h1 style=\"text-align: center;\">Citas sujetas a confirmaci\u00f3n v\u00eda correo electr\u00f3nico o whatsapp<\/h1>\n<p>[\/et_pb_text][et_pb_button button_url=&#8221;@ET-DC@eyJkeW5hbWljIjp0cnVlLCJjb250ZW50IjoicG9zdF9saW5rX3VybF9wb3N0Iiwic2V0dGluZ3MiOnsicG9zdF9pZCI6IjgyMiJ9fQ==@&#8221; url_new_window=&#8221;on&#8221; button_text=&#8221;Ver T\u00e9rminos y Condiciones&#8221; button_alignment=&#8221;center&#8221; admin_label=&#8221;TermCond&#8221; _builder_version=&#8221;4.25.1&#8243; _dynamic_attributes=&#8221;button_url&#8221; _module_preset=&#8221;default&#8221; background_layout=&#8221;dark&#8221; custom_padding=&#8221;|||20px||&#8221; locked=&#8221;off&#8221; global_colors_info=&#8221;{}&#8221;][\/et_pb_button][et_pb_button button_url=&#8221;@ET-DC@eyJkeW5hbWljIjp0cnVlLCJjb250ZW50IjoicG9zdF9saW5rX3VybF9wb3N0Iiwic2V0dGluZ3MiOnsicG9zdF9pZCI6Ijc3NyJ9fQ==@&#8221; url_new_window=&#8221;on&#8221; button_text=&#8221;Ver Pol\u00edtica de Protecci\u00f3n de datos personales&#8221; button_alignment=&#8221;center&#8221; _builder_version=&#8221;4.25.1&#8243; _dynamic_attributes=&#8221;button_url&#8221; _module_preset=&#8221;default&#8221; background_layout=&#8221;dark&#8221; locked=&#8221;off&#8221; global_colors_info=&#8221;{}&#8221;][\/et_pb_button][et_pb_text admin_label=&#8221;Titulo: direcci\u00f3n del taller&#8221; _builder_version=&#8221;4.25.0&#8243; _module_preset=&#8221;default&#8221; header_font=&#8221;|700|||||||&#8221; header_text_align=&#8221;center&#8221; header_text_color=&#8221;#FFFFFF&#8221; global_colors_info=&#8221;{}&#8221;]<\/p>\n<h1 style=\"text-align: center;\">Direcci\u00f3n del Taller<\/h1>\n<p>[\/et_pb_text][et_pb_code admin_label=&#8221;Google Maps&#8221; _builder_version=&#8221;4.25.0&#8243; _module_preset=&#8221;default&#8221; box_shadow_style=&#8221;preset1&#8243; box_shadow_color=&#8221;#FFFFFF&#8221; global_colors_info=&#8221;{}&#8221;]<iframe src=\"https:\/\/www.google.com\/maps\/embed?pb=!1m18!1m12!1m3!1d1133.9985865043952!2d-77.00983766864813!3d-12.11542058483732!2m3!1f0!2f0!3f0!3m2!1i1024!2i768!4f13.1!3m3!1m2!1s0x9105c7c171e464b9%3A0x2f5d06d5d4394c02!2sEurotech!5e0!3m2!1ses-419!2spe!4v1713490205169!5m2!1ses-419!2spe\" width=\"600\" height=\"450\" style=\"border:0;\" allowfullscreen=\"\" loading=\"lazy\" referrerpolicy=\"no-referrer-when-downgrade\"><\/iframe>[\/et_pb_code][\/et_pb_column][\/et_pb_row][et_pb_row admin_label=&#8221;Telefonos para citas&#8221; _builder_version=&#8221;4.25.0&#8243; _module_preset=&#8221;default&#8221; global_colors_info=&#8221;{}&#8221;][et_pb_column type=&#8221;4_4&#8243; _builder_version=&#8221;4.25.0&#8243; _module_preset=&#8221;default&#8221; background_color=&#8221;#000000&#8243; use_background_color_gradient=&#8221;on&#8221; background_color_gradient_direction=&#8221;130deg&#8221; background_color_gradient_stops=&#8221;rgba(145,159,214,0.86) 0%|#242b30 1%|rgba(5,105,132,0.99) 47%|gcid-c389346f-c7fc-4257-bd7f-fcd8e4ff1304 100%&#8221; custom_padding=&#8221;40px|40px|40px|40px|true|true&#8221; custom_padding_tablet=&#8221;30px|30px|30px|30px|true|true&#8221; custom_padding_phone=&#8221;20px|20px|20px|20px|true|true&#8221; custom_padding_last_edited=&#8221;on|desktop&#8221; animation_style=&#8221;flip&#8221; global_colors_info=&#8221;{%22gcid-c5ac2fa6-e0af-467d-8acd-84d31a07c95a%22:%91%22background_color_gradient_stops%22%93,%22gcid-c389346f-c7fc-4257-bd7f-fcd8e4ff1304%22:%91%22background_color_gradient_stops%22%93}&#8221;][et_pb_text admin_label=&#8221;Titulo Escribenos&#8221; _builder_version=&#8221;4.25.0&#8243; _module_preset=&#8221;_initial&#8221; header_5_font=&#8221;Archivo|700|||||||&#8221; header_5_text_color=&#8221;#000000&#8243; header_5_font_size=&#8221;20px&#8221; header_5_line_height=&#8221;1.4em&#8221; custom_margin=&#8221;||10px||false|false&#8221; custom_padding=&#8221;0px|||||&#8221; header_5_font_size_tablet=&#8221;16px&#8221; header_5_font_size_phone=&#8221;14px&#8221; header_5_font_size_last_edited=&#8221;on|desktop&#8221; global_colors_info=&#8221;{}&#8221;]<\/p>\n<h5><span style=\"color: #ffffff;\">Tambien puedes programar tu cita en estos tel\u00e9fonos:<\/span><\/h5>\n<p>[\/et_pb_text][et_pb_text admin_label=&#8221;Nro telefono&#8221; _builder_version=&#8221;4.27.0&#8243; _module_preset=&#8221;_initial&#8221; header_4_font=&#8221;Archivo|700|||||||&#8221; header_4_text_color=&#8221;#000000&#8243; header_4_font_size=&#8221;25px&#8221; header_4_line_height=&#8221;1.4em&#8221; custom_margin=&#8221;||-3px|||&#8221; custom_padding=&#8221;||0px|||&#8221; hover_enabled=&#8221;0&#8243; header_4_font_size_tablet=&#8221;16px&#8221; header_4_font_size_phone=&#8221;15px&#8221; header_4_font_size_last_edited=&#8221;on|desktop&#8221; global_colors_info=&#8221;{}&#8221; sticky_enabled=&#8221;0&#8243;]<\/p>\n<h4><span style=\"color: #ffffff;\">(+51) 912-402-831<\/span><\/h4>\n<p>[\/et_pb_text][et_pb_text admin_label=&#8221;Nro telefono&#8221; _builder_version=&#8221;4.25.0&#8243; _module_preset=&#8221;_initial&#8221; header_4_font=&#8221;Archivo|700|||||||&#8221; header_4_text_color=&#8221;#000000&#8243; header_4_font_size=&#8221;25px&#8221; header_4_line_height=&#8221;1.4em&#8221; custom_padding=&#8221;0px|||||&#8221; header_4_font_size_tablet=&#8221;16px&#8221; header_4_font_size_phone=&#8221;15px&#8221; header_4_font_size_last_edited=&#8221;on|desktop&#8221; global_colors_info=&#8221;{}&#8221;]<\/p>\n<h4><span style=\"color: #ffffff;\">(+51) 1 402-6058<\/span><\/h4>\n<p>[\/et_pb_text][\/et_pb_column][\/et_pb_row][\/et_pb_section]<\/p>\n","protected":false},"excerpt":{"rendered":"<p>CITASCitas sujetas a confirmaci\u00f3n v\u00eda correo electr\u00f3nico o whatsappDirecci\u00f3n del TallerTambien puedes programar tu cita en estos tel\u00e9fonos:(+51) 912-402-831(+51) 1 402-6058<\/p>\n","protected":false},"author":1,"featured_media":0,"parent":0,"menu_order":0,"comment_status":"closed","ping_status":"closed","template":"","meta":{"_et_pb_use_builder":"on","_et_pb_old_content":"<!-- wp:pagelayer\/pl_post_props {\"post_title\":\"Contact\",\"post_status\":\"publish\",\"post_date\":\"2021-10-29 09:34:44\",\"post_author\":\"1\",\"post_name\":\"contact\",\"featured_image\":\"\",\"post_excerpt\":\"\",\"post_password\":\"\",\"comment_status\":\"\",\"ping_status\":\"\",\"post_sticky\":\"\",\"post_parent\":0,\"menu_order\":0,\"post_category\":\"\",\"post_tags\":\"\",\"pagelayer-id\":\"e0p9067\"} \/-->\n<!-- wp:pagelayer\/pl_row {\"stretch\":\"auto\",\"col_gap\":\"10\",\"width_content\":\"auto\",\"row_height\":\"default\",\"overlay_hover_delay\":\"400\",\"row_shape_top_color\":\"#227bc3\",\"row_shape_top_width\":\"100\",\"row_shape_top_height\":\"100\",\"row_shape_bottom_color\":\"#e44993\",\"row_shape_bottom_width\":\"100\",\"row_shape_bottom_height\":\"100\",\"ele_bg_type\":\"image\",\"ele_bg_img\":\"6\",\"ele_bg_attachment\":\"scroll\",\"ele_bg_posx\":\"center\",\"ele_bg_posy\":\"center\",\"ele_bg_repeat\":\"no-repeat\",\"ele_bg_size\":\"cover\",\"ele_padding\":\"150px,0px,150px,0px\",\"overlay_type\":\"color\",\"overlay_transperancy\":0.59999999999999997779553950749686919152736663818359375,\"overlay_color\":\"#000000ff\",\"ele_padding_mobile\":[\"100px\",\"0px\",\"100px\",\"0px\"],\"ele_padding_tablet\":[\"120px\",\"0px\",\"120px\",\"0px\"],\"pagelayer-id\":\"rb49778\"} -->\n<!-- wp:pagelayer\/pl_col {\"widget_space\":\"15\",\"overlay_hover_delay\":\"400\",\"pagelayer-id\":\"feh1632\"} -->\n<!-- wp:pagelayer\/pl_heading {\"heading_state\":\"normal\",\"color\":\"\",\"heading_typo_mobile\":\",50,,,,,Solid,,,,\",\"animation\":\"\",\"animation_delay\":\"600\",\"text\":\"u003ch1u003eContact Usu003c\/h1u003en\",\"heading_typo\":[\"\",\"75\",\"\",\"400\",\"\",\"\",\"Solid\",\"\",\"\",\"\",\"\"],\"heading_typo_tablet\":[\"\",\"60\",\"\",\"\",\"\",\"\",\"Solid\",\"\",\"\",\"\",\"\"],\"pagelayer-id\":\"y873321\"} --><h1>Contact Us<\/h1>\n<!-- \/wp:pagelayer\/pl_heading -->\n<!-- wp:pagelayer\/pl_divider {\"divider_style\":\"solid\",\"divider_color\":\"#6200eaff\",\"divider_weight\":\"3\",\"divider_widht\":\"10\",\"divider_gap\":\"10\",\"divider_alignment\":\"left\",\"divider_widht_tablet\":\"10\",\"divider_widht_mobile\":\"20\",\"pagelayer-id\":\"0dt2024\"} \/-->\n<!-- \/wp:pagelayer\/pl_col -->\n<!-- \/wp:pagelayer\/pl_row -->\n<!-- wp:pagelayer\/pl_row {\"stretch\":\"auto\",\"col_gap\":\"10\",\"width_content\":\"auto\",\"row_height\":\"default\",\"overlay_hover_delay\":\"400\",\"row_shape_top_color\":\"#227bc3\",\"row_shape_top_width\":\"100\",\"row_shape_top_height\":\"100\",\"row_shape_bottom_color\":\"#e44993\",\"row_shape_bottom_width\":\"100\",\"row_shape_bottom_height\":\"100\",\"ele_padding\":\"60px,0px,0px,0px\",\"pagelayer-id\":\"2722862\"} -->\n<!-- wp:pagelayer\/pl_col {\"widget_space\":\"15\",\"overlay_hover_delay\":\"400\",\"col\":\"2\",\"pagelayer-id\":\"m5c8813\"} -->\n<!-- \/wp:pagelayer\/pl_col -->\n<!-- wp:pagelayer\/pl_col {\"widget_space\":\"15\",\"overlay_hover_delay\":\"400\",\"col\":\"8\",\"pagelayer-id\":\"wae3595\"} -->\n<!-- wp:pagelayer\/pl_heading {\"heading_state\":\"normal\",\"color\":\"\",\"align\":\"center\",\"animation\":\"\",\"animation_delay\":\"600\",\"text\":\"u003ch2u003eGet In Touchu003c\/h2u003en\",\"pagelayer-id\":\"m4e5057\"} --><h2>Get In Touch<\/h2>\n<!-- \/wp:pagelayer\/pl_heading -->\n<!-- wp:pagelayer\/pl_divider {\"divider_style\":\"solid\",\"divider_color\":\"#6200eaff\",\"divider_weight\":\"3\",\"divider_widht\":\"14\",\"divider_gap\":\"10\",\"divider_alignment\":\"center\",\"divider_widht_tablet\":\"10\",\"divider_widht_mobile\":\"20\",\"pagelayer-id\":\"dg05107\"} \/-->\n<!-- wp:pagelayer\/pl_contact {\"form\":\"contact-form\",\"name\":\"Contact Form\",\"form_position\":\"center\",\"space_label\":\",,10,\",\"input_state\":\"normal\",\"input_padding\":\"10,10\",\"radio_padding\":\"10,10\",\"field_hover_delay\":\"400\",\"submit\":\"Send Message\",\"type\":\"pagelayer-btn-custom\",\"size\":\"pagelayer-btn-custom\",\"btn_hover_delay\":\"400\",\"icon_position\":\"pagelayer-btn-icon-left\",\"icon_spacing\":\"5\",\"con_post_id\":\"131505\",\"placeholder_typo\":\"Noto Sans,14,,500,,,Solid,,,,\",\"btn_bg_color\":\"#0986c000\",\"btn_color\":\"#6200eaff\",\"btn_custom_size\":\"10,20\",\"btn_border_type\":\"solid\",\"btn_border_color\":\"#6200eaff\",\"btn_border_width\":\"1,1,1,1\",\"btn_border_radius\":\"0,0,0,0\",\"btn_hover\":\"hover\",\"btn_bg_color_hover\":\"#6200eaff\",\"btn_color_hover\":\"#ffffffff\",\"btn_typo\":\"Muli,14,,600,,,Solid,,,,\",\"field_state\":\"focus\",\"field_border_type_focus\":\"solid\",\"field_border_color_focus\":\"#6200eaff\",\"field_border_width_focus\":\"1,1,1,1\",\"animation\":\"\",\"animation_delay\":\"600\",\"contact_custom_templ\":\"true\",\"from_email\":\"$email\",\"cont_subject\":\"Contact Page Form\",\"cont_header\":\"$name,$email,$subject,$message\",\"pagelayer-id\":\"th53304\"} -->\n<!-- wp:pagelayer\/pl_contact_item {\"label_name\":\"Name*\",\"field_type\":\"text\",\"values\":\"OnenTwo\",\"field_name\":\"name\",\"field_width\":\"45\",\"space_between\":\"0,10,10,0\",\"label_as_holder\":\"true\",\"field_display\":\"inline-block\",\"required\":\"true\",\"field_width_mobile\":100,\"space_between_mobile\":[\"5\",\"5\",\"5\",\"5\"],\"pagelayer-id\":\"m2c5385\"} \/-->\n<!-- wp:pagelayer\/pl_contact_item {\"label_name\":\"Email*\",\"field_type\":\"email\",\"values\":\"OnenTwo\",\"field_name\":\"email\",\"field_width\":\"45\",\"space_between\":\"0,0,10,10\",\"label_as_holder\":\"true\",\"field_display\":\"inline-block\",\"required\":\"true\",\"field_width_mobile\":100,\"space_between_mobile\":[\"5\",\"5\",\"5\",\"5\"],\"pagelayer-id\":\"6cj7225\"} \/-->\n<!-- wp:pagelayer\/pl_contact_item {\"label_name\":\"Subject*\",\"field_type\":\"text\",\"values\":\"OnenTwo\",\"field_name\":\"subject\",\"field_width\":\"90\",\"space_between\":\"0,0,10,0\",\"label_as_holder\":\"true\",\"field_display\":\"inline-block\",\"required\":\"true\",\"field_width_mobile\":100,\"space_between_mobile\":[\"5\",\"5\",\"5\",\"5\"],\"pagelayer-id\":\"4rw8782\"} \/-->\n<!-- wp:pagelayer\/pl_contact_item {\"label_name\":\"Message\",\"field_type\":\"textarea\",\"values\":\"OnenTwo\",\"field_name\":\"message\",\"field_width\":\"90\",\"space_between\":\"0,0,10,0\",\"label_as_holder\":\"true\",\"field_display\":\"inline-block\",\"textarea_rows\":\"6\",\"field_width_mobile\":100,\"space_between_mobile\":[\"5\",\"5\",\"5\",\"5\"],\"pagelayer-id\":\"kxs8734\"} \/-->\n<!-- \/wp:pagelayer\/pl_contact -->\n<!-- \/wp:pagelayer\/pl_col -->\n<!-- wp:pagelayer\/pl_col {\"widget_space\":\"15\",\"overlay_hover_delay\":\"400\",\"col\":\"2\",\"pagelayer-id\":\"i7r7174\"} -->\n<!-- \/wp:pagelayer\/pl_col -->\n<!-- \/wp:pagelayer\/pl_row -->\n<!-- wp:pagelayer\/pl_row {\"stretch\":\"auto\",\"col_gap\":\"10\",\"width_content\":\"auto\",\"row_height\":\"default\",\"overlay_hover_delay\":\"400\",\"row_shape_top_color\":\"#227bc3\",\"row_shape_top_width\":\"100\",\"row_shape_top_height\":\"100\",\"row_shape_bottom_color\":\"#e44993\",\"row_shape_bottom_width\":\"100\",\"row_shape_bottom_height\":\"100\",\"ele_margin\":\"60px,0px,0px,0px\",\"pagelayer-id\":\"n617146\"} -->\n<!-- wp:pagelayer\/pl_col {\"widget_space\":\"15\",\"overlay_hover_delay\":\"400\",\"col\":\"4\",\"animation\":\"\",\"animation_delay\":\"600\",\"pagelayer-id\":\"l9p9741\"} -->\n<!-- wp:pagelayer\/pl_iconbox {\"service_icon\":\"fas fa-map-marker-alt\",\"service_alignment\":\"top\",\"service_vertical_alignment\":\"middle\",\"service_icon_view\":\"stacked\",\"service_icon_padding\":\"16\",\"service_icon_state\":\"normal\",\"service_icon_color\":\"#ffffffff\",\"service_icon_font_size\":\"30\",\"service_icon_hover_delay\":\"400\",\"service_bor_state\":\"normal\",\"service_heading\":\"Address\",\"heading_alignment\":\"center\",\"service_title_spacing\":\"10,0,10,0\",\"heading_state\":\"normal\",\"service_heading_color\":\"\",\"service_heading_typo\":[\"\",\"22\",\"\",\"\",\"\",\"\",\"Solid\",\"\",\"\",\"\",\"\"],\"heading_delay\":\"400\",\"service_text_alignment\":\"center\",\"service_btn_hover_delay\":\"400\",\"service_icon_background_color\":\"#6200eaff\",\"service_icon_shape_type\":\"circle\",\"service_text\":\"n\",\"pagelayer-id\":\"oj55191\"} -->\n<!-- \/wp:pagelayer\/pl_iconbox -->\n<!-- wp:pagelayer\/pl_address {\"icon\":\"\",\"align\":\"center\",\"ele_css\":\"{{element}} .pagelayer-address{text-align:center;}\",\"ele_margin\":\"-10px,0px,0px,0px\",\"pagelayer-id\":\"12d8149\"} \/-->\n<!-- \/wp:pagelayer\/pl_col -->\n<!-- wp:pagelayer\/pl_col {\"widget_space\":\"15\",\"overlay_hover_delay\":\"400\",\"col\":\"4\",\"animation\":\"\",\"animation_delay\":\"600\",\"pagelayer-id\":\"k4t6135\"} -->\n<!-- wp:pagelayer\/pl_iconbox {\"service_icon\":\"fas fa-mobile-alt\",\"service_alignment\":\"top\",\"service_vertical_alignment\":\"middle\",\"service_icon_view\":\"stacked\",\"service_icon_padding\":\"16\",\"service_icon_state\":\"normal\",\"service_icon_color\":\"#ffffffff\",\"service_icon_font_size\":\"30\",\"service_icon_hover_delay\":\"400\",\"service_bor_state\":\"normal\",\"service_heading\":\"Phone\",\"heading_alignment\":\"center\",\"service_title_spacing\":\"10,0,10,0\",\"heading_state\":\"normal\",\"service_heading_color\":\"\",\"service_heading_typo\":[\"\",\"22\",\"\",\"\",\"\",\"\",\"Solid\",\"\",\"\",\"\",\"\"],\"heading_delay\":\"400\",\"service_text_alignment\":\"center\",\"service_btn_hover_delay\":\"400\",\"service_icon_background_color\":\"#6200eaff\",\"service_icon_shape_type\":\"circle\",\"ele_margin_tablet\":\"20px,0px,0px,0px\",\"ele_margin_mobile\":\"20px,0px,0px,0px\",\"service_text\":\"n\",\"pagelayer-id\":\"st63706\"} -->\n<!-- \/wp:pagelayer\/pl_iconbox -->\n<!-- wp:pagelayer\/pl_phone {\"icon\":\"\",\"align\":\"center\",\"ele_margin\":\"-5px,0px,0px,0px\",\"pagelayer-id\":\"icp4268\"} \/-->\n<!-- \/wp:pagelayer\/pl_col -->\n<!-- wp:pagelayer\/pl_col {\"widget_space\":\"15\",\"overlay_hover_delay\":\"400\",\"col\":\"4\",\"animation\":\"\",\"animation_delay\":\"600\",\"pagelayer-id\":\"k928919\"} -->\n<!-- wp:pagelayer\/pl_iconbox {\"service_icon\":\"fas fa-envelope\",\"service_alignment\":\"top\",\"service_vertical_alignment\":\"middle\",\"service_icon_view\":\"stacked\",\"service_icon_padding\":\"16\",\"service_icon_state\":\"normal\",\"service_icon_color\":\"#ffffffff\",\"service_icon_font_size\":\"30\",\"service_icon_hover_delay\":\"400\",\"service_bor_state\":\"normal\",\"service_heading\":\"Email\",\"heading_alignment\":\"center\",\"service_title_spacing\":\"10,0,10,0\",\"heading_state\":\"normal\",\"service_heading_color\":\"\",\"service_heading_typo\":[\"\",\"22\",\"\",\"400\",\"\",\"\",\"Solid\",\"\",\"\",\"\",\"\"],\"heading_delay\":\"400\",\"service_text_alignment\":\"center\",\"service_btn_hover_delay\":\"400\",\"service_icon_background_color\":\"#6200eaff\",\"service_icon_shape_type\":\"circle\",\"ele_margin_tablet\":\"20px,0px,0px,0px\",\"ele_margin_mobile\":\"20px,0px,0px,0px\",\"service_text\":\"n\",\"pagelayer-id\":\"cho1962\"} -->\n<!-- \/wp:pagelayer\/pl_iconbox -->\n<!-- wp:pagelayer\/pl_email {\"icon\":\"\",\"align\":\"center\",\"ele_margin\":\"-5px,0px,0px,0px\",\"pagelayer-id\":\"os32284\"} \/-->\n<!-- \/wp:pagelayer\/pl_col -->\n<!-- \/wp:pagelayer\/pl_row -->\n<!-- wp:pagelayer\/pl_row {\"stretch\":\"full\",\"col_gap\":\"0\",\"width_content\":\"full\",\"row_height\":\"default\",\"overlay_hover_delay\":\"400\",\"row_shape_top_color\":\"#227bc3\",\"row_shape_top_width\":\"100\",\"row_shape_top_height\":\"100\",\"row_shape_bottom_color\":\"#e44993\",\"row_shape_bottom_width\":\"100\",\"row_shape_bottom_height\":\"100\",\"ele_margin\":\"60px,0px,0px,0px\",\"animation\":\"\",\"animation_delay\":\"600\",\"pagelayer-id\":\"zkj2504\"} -->\n<!-- wp:pagelayer\/pl_col {\"widget_space\":\"15\",\"overlay_hover_delay\":\"400\",\"pagelayer-id\":\"qjd2520\"} -->\n<!-- wp:pagelayer\/pl_google_maps {\"zoom\":\"10\",\"height\":\"450\",\"address\":\"New York, New York, USA\",\"pagelayer-id\":\"3pz1406\"} -->New York, New York, USA<!-- \/wp:pagelayer\/pl_google_maps -->\n<!-- \/wp:pagelayer\/pl_col -->\n<!-- \/wp:pagelayer\/pl_row -->","_et_gb_content_width":"","footnotes":""},"class_list":["post-23","page","type-page","status-publish","hentry"],"_links":{"self":[{"href":"https:\/\/eurotechsac.com\/wp1\/wp-json\/wp\/v2\/pages\/23","targetHints":{"allow":["GET"]}}],"collection":[{"href":"https:\/\/eurotechsac.com\/wp1\/wp-json\/wp\/v2\/pages"}],"about":[{"href":"https:\/\/eurotechsac.com\/wp1\/wp-json\/wp\/v2\/types\/page"}],"author":[{"embeddable":true,"href":"https:\/\/eurotechsac.com\/wp1\/wp-json\/wp\/v2\/users\/1"}],"replies":[{"embeddable":true,"href":"https:\/\/eurotechsac.com\/wp1\/wp-json\/wp\/v2\/comments?post=23"}],"version-history":[{"count":8,"href":"https:\/\/eurotechsac.com\/wp1\/wp-json\/wp\/v2\/pages\/23\/revisions"}],"predecessor-version":[{"id":880,"href":"https:\/\/eurotechsac.com\/wp1\/wp-json\/wp\/v2\/pages\/23\/revisions\/880"}],"wp:attachment":[{"href":"https:\/\/eurotechsac.com\/wp1\/wp-json\/wp\/v2\/media?parent=23"}],"curies":[{"name":"wp","href":"https:\/\/api.w.org\/{rel}","templated":true}]}}