{"id":162,"date":"2024-04-16T08:52:02","date_gmt":"2024-04-16T13:52:02","guid":{"rendered":"https:\/\/eurotech.optimussp.com\/?page_id=162"},"modified":"2025-11-13T16:37:27","modified_gmt":"2025-11-13T21:37:27","slug":"nosotros","status":"publish","type":"page","link":"https:\/\/eurotechsac.com\/wp1\/nosotros\/","title":{"rendered":"Nosotros"},"content":{"rendered":"<p>[et_pb_section fb_built=&#8221;1&#8243; admin_label=&#8221;Header&#8221; _builder_version=&#8221;4.24.3&#8243; _module_preset=&#8221;default&#8221; background_color=&#8221;#000000&#8243; min_height=&#8221;167.4px&#8221; custom_margin=&#8221;||-51px|||&#8221; collapsed=&#8221;on&#8221; global_colors_info=&#8221;{%22gcid-4c119920-fe37-4b7d-b1e0-a1ec608cdcd7%22:%91%22background_color%22%93}&#8221;][et_pb_row column_structure=&#8221;1_4,1_2,1_4&#8243; _builder_version=&#8221;4.21.0&#8243; _module_preset=&#8221;default&#8221; locked=&#8221;off&#8221; global_colors_info=&#8221;{}&#8221;][et_pb_column type=&#8221;1_4&#8243; _builder_version=&#8221;4.21.0&#8243; _module_preset=&#8221;default&#8221; global_colors_info=&#8221;{}&#8221;][et_pb_divider color=&#8221;gcid-270b494a-7797-4179-a3cb-58e2ea5a2b33&#8243; divider_position=&#8221;center&#8221; _builder_version=&#8221;4.21.0&#8243; _module_preset=&#8221;default&#8221; custom_margin=&#8221;||0px||false|false&#8221; custom_padding=&#8221;||||false|false&#8221; locked=&#8221;off&#8221; global_colors_info=&#8221;{%22gcid-270b494a-7797-4179-a3cb-58e2ea5a2b33%22:%91%22color%22,%22color%22%93}&#8221;][\/et_pb_divider][\/et_pb_column][et_pb_column type=&#8221;1_2&#8243; _builder_version=&#8221;4.21.0&#8243; _module_preset=&#8221;default&#8221; global_colors_info=&#8221;{}&#8221;][et_pb_text content_tablet=&#8221;<\/p>\n<h1><strong>NOSOTROS<\/strong><\/h1>\n<p>&#8221; content_phone=&#8221;<\/p>\n<h2><strong>NOSOTROS<\/strong><\/h2>\n<p>&#8221; content_last_edited=&#8221;on|phone&#8221; _builder_version=&#8221;4.25.2&#8243; _module_preset=&#8221;ed36601d-86fa-4482-8cac-3f0900177c6a&#8221; text_font=&#8221;|700|||||||&#8221; text_font_size=&#8221;20px&#8221; header_font=&#8221;|800|||||||&#8221; header_text_color=&#8221;#FFFFFF&#8221; header_font_size=&#8221;64px&#8221; header_2_text_color=&#8221;#FFFFFF&#8221; background_color=&#8221;#000000&#8243; position_origin_a=&#8221;top_center&#8221; z_index=&#8221;10&#8243; text_orientation=&#8221;center&#8221; max_width=&#8221;700px&#8221; module_alignment=&#8221;center&#8221; custom_margin=&#8221;-20px||||false|false&#8221; custom_margin_tablet=&#8221;0px||||false|false&#8221; custom_margin_phone=&#8221;0px||||false|false&#8221; custom_margin_last_edited=&#8221;on|tablet&#8221; locked=&#8221;off&#8221; global_colors_info=&#8221;{}&#8221;]<\/p>\n<h1><strong>NOSOTROS<\/strong><\/h1>\n<p>[\/et_pb_text][\/et_pb_column][et_pb_column type=&#8221;1_4&#8243; _builder_version=&#8221;4.21.0&#8243; _module_preset=&#8221;default&#8221; global_colors_info=&#8221;{}&#8221;][et_pb_divider color=&#8221;gcid-270b494a-7797-4179-a3cb-58e2ea5a2b33&#8243; divider_position=&#8221;center&#8221; _builder_version=&#8221;4.21.0&#8243; _module_preset=&#8221;default&#8221; custom_margin=&#8221;||0px||false|false&#8221; custom_padding=&#8221;||||false|false&#8221; locked=&#8221;off&#8221; global_colors_info=&#8221;{%22gcid-270b494a-7797-4179-a3cb-58e2ea5a2b33%22:%91%22color%22,%22color%22%93}&#8221;][\/et_pb_divider][\/et_pb_column][\/et_pb_row][\/et_pb_section][et_pb_section fb_built=&#8221;1&#8243; _builder_version=&#8221;4.24.3&#8243; _module_preset=&#8221;default&#8221; background_color=&#8221;#000000&#8243; custom_margin=&#8221;||-79px|||&#8221; custom_padding=&#8221;3px|||||&#8221; global_colors_info=&#8221;{}&#8221;][et_pb_row _builder_version=&#8221;4.24.3&#8243; _module_preset=&#8221;default&#8221; global_colors_info=&#8221;{}&#8221;][et_pb_column type=&#8221;4_4&#8243; _builder_version=&#8221;4.24.3&#8243; _module_preset=&#8221;default&#8221; global_colors_info=&#8221;{}&#8221;][et_pb_image src=&#8221;https:\/\/eurotechsac.com\/wp1\/wp-content\/uploads\/2025\/04\/Nosotros-Version-2025-1-scaled.jpg&#8221; title_text=&#8221;Nosotros Version 2025 (1)&#8221; _builder_version=&#8221;4.27.4&#8243; _module_preset=&#8221;default&#8221; global_colors_info=&#8221;{}&#8221;][\/et_pb_image][\/et_pb_column][\/et_pb_row][\/et_pb_section][et_pb_section fb_built=&#8221;1&#8243; admin_label=&#8221;About&#8221; _builder_version=&#8221;4.24.3&#8243; _module_preset=&#8221;default&#8221; background_color=&#8221;#000000&#8243; custom_padding=&#8221;18px|||||&#8221; collapsed=&#8221;off&#8221; global_colors_info=&#8221;{%22gcid-4c119920-fe37-4b7d-b1e0-a1ec608cdcd7%22:%91%22background_color%22%93}&#8221;][et_pb_row column_structure=&#8221;1_2,1_2&#8243; make_equal=&#8221;on&#8221; _builder_version=&#8221;4.24.3&#8243; _module_preset=&#8221;default&#8221; background_color=&#8221;#000000&#8243; custom_padding=&#8221;13px|||||&#8221; collapsed=&#8221;on&#8221; global_colors_info=&#8221;{}&#8221;][et_pb_column type=&#8221;1_2&#8243; _builder_version=&#8221;4.24.3&#8243; _module_preset=&#8221;default&#8221; global_colors_info=&#8221;{}&#8221;][et_pb_image src=&#8221;https:\/\/eurotechsac.com\/wp1\/wp-content\/uploads\/2024\/04\/Auto-plata-en-la-carretera.png&#8221; title_text=&#8221;Auto plata en la carretera&#8221; admin_label=&#8221;Imagen 1 en Nosotros&#8221; _builder_version=&#8221;4.25.0&#8243; _module_preset=&#8221;default&#8221; transform_scale=&#8221;112%|112%&#8221; custom_padding=&#8221;148px||31px|26px||&#8221; animation_style=&#8221;slide&#8221; global_colors_info=&#8221;{}&#8221;][\/et_pb_image][et_pb_text _builder_version=&#8221;4.25.0&#8243; _module_preset=&#8221;default&#8221; text_font_size=&#8221;16px&#8221; global_colors_info=&#8221;{}&#8221;]<\/p>\n<p style=\"text-align: justify;\"><span style=\"color: #ffffff;\">Este \u00faltimo a\u00f1o 2024 marca un hito significativo en nuestra historia, ya que hemos implementado un riguroso plan estrat\u00e9gico destinado a elevar nuestros est\u00e1ndares de servicio a nuevas alturas. En nuestra b\u00fasqueda constante de la perfecci\u00f3n, hemos redoblado nuestros esfuerzos para brindar una atenci\u00f3n personalizada y soluciones mec\u00e1nicas de vanguardia a nuestros clientes.<\/span><\/p>\n<p style=\"text-align: justify;\"><span style=\"color: #ffffff;\">Nos enorgullece decir que nuestra misi\u00f3n principal es la satisfacci\u00f3n del cliente. Cada paso que damos, cada servicio que ofrecemos est\u00e1 imbuido con el compromiso inquebrantable de proporcionar la m\u00e1xima calidad y fiabilidad. Creemos que la confianza y la lealtad de nuestros clientes son el resultado directo de nuestra dedicaci\u00f3n a este principio fundamental.<\/span><\/p>\n<p style=\"text-align: justify;\"><span style=\"color: #ffffff;\">Mirando hacia el futuro, nos comprometemos a seguir siendo l\u00edderes en la industria, manteniendo siempre nuestro enfoque en la innovaci\u00f3n, la integridad y, sobre todo, en superar las expectativas de aquellos que conf\u00edan en nosotros con sus veh\u00edculos. En nuestro taller, la excelencia es m\u00e1s que un objetivo; es nuestra promesa a usted, nuestro valioso cliente.<\/span><\/p>\n<p>[\/et_pb_text][\/et_pb_column][et_pb_column type=&#8221;1_2&#8243; _builder_version=&#8221;4.21.0&#8243; _module_preset=&#8221;default&#8221; custom_padding=&#8221;4vw||4vw||true|false&#8221; custom_padding_tablet=&#8221;0vw||0vw||true|false&#8221; custom_padding_phone=&#8221;0vw||0vw||true|false&#8221; custom_padding_last_edited=&#8221;on|desktop&#8221; global_colors_info=&#8221;{}&#8221;][et_pb_text _builder_version=&#8221;4.25.1&#8243; _module_preset=&#8221;4c32e5c0-d699-4efe-8461-7c3884b6ac81&#8243; text_font=&#8221;|&#8211;et_global_body_font_weight||on|||||&#8221; text_font_size=&#8221;32px&#8221; header_2_text_color=&#8221;#FFFFFF&#8221; custom_margin=&#8221;35px||10px||false|false&#8221; global_colors_info=&#8221;{}&#8221;]<\/p>\n<h2><strong>NUESTRA HISTORIA<\/strong><\/h2>\n<p>[\/et_pb_text][et_pb_text _builder_version=&#8221;4.25.0&#8243; _module_preset=&#8221;1d65cd9d-60ba-4bca-aa07-94514607e6ad&#8221; text_text_color=&#8221;gcid-5a92b32a-7eb7-4cbf-bdc6-bfe5157d88a2&#8243; global_colors_info=&#8221;{%22gcid-5a92b32a-7eb7-4cbf-bdc6-bfe5157d88a2%22:%91%22text_text_color%22,%22text_text_color%22%93}&#8221;]<\/p>\n<p style=\"text-align: justify;\"><span style=\"color: #ffffff;\">Con una trayectoria de 18 a\u00f1os, nuestro taller mec\u00e1nico ha sido un pilar confiable en la comunidad automotriz desde su humilde comienzo. Fundado el 15 feb 2006, nuestra pasi\u00f3n por los autom\u00f3viles y el compromiso con la excelencia nos han llevado a crecer y evolucionar constantemente.<\/span><\/p>\n<p style=\"text-align: justify;\"><span style=\"color: #ffffff;\">En los meses de la pandemia COVID-19, a pesar de los desaf\u00edos sin precedentes que plante\u00f3 la situaci\u00f3n, EUROTECH demostr\u00f3 una notable resiliencia y determinaci\u00f3n para adaptarse a la nueva normalidad. Implementamos estrictos protocolos de seguridad e higiene para proteger tanto a nuestros colaboradores como a ustedes nuestros clientes. Este tiempo fue \u00fatil para mejorar nuestras habilidades t\u00e9cnicas y explorar nuevas tecnolog\u00edas.<\/span><\/p>\n<p>[\/et_pb_text][et_pb_image src=&#8221;https:\/\/eurotechsac.com\/wp1\/wp-content\/uploads\/2024\/04\/Llamanos-Fotor.jpg&#8221; title_text=&#8221;Llamanos Fotor&#8221; _builder_version=&#8221;4.25.0&#8243; _module_preset=&#8221;default&#8221; custom_padding=&#8221;83px|||||&#8221; animation_style=&#8221;slide&#8221; global_colors_info=&#8221;{}&#8221;][\/et_pb_image][\/et_pb_column][\/et_pb_row][et_pb_row column_structure=&#8221;1_2,1_2&#8243; make_equal=&#8221;on&#8221; _builder_version=&#8221;4.24.3&#8243; _module_preset=&#8221;default&#8221; global_colors_info=&#8221;{}&#8221;][et_pb_column type=&#8221;1_2&#8243; _builder_version=&#8221;4.21.0&#8243; _module_preset=&#8221;default&#8221; custom_padding=&#8221;4vw||4vw||true|false&#8221; custom_padding_tablet=&#8221;0vw||0vw||true|false&#8221; custom_padding_phone=&#8221;0vw||0vw||true|false&#8221; custom_padding_last_edited=&#8221;on|desktop&#8221; global_colors_info=&#8221;{}&#8221;][et_pb_text _builder_version=&#8221;4.21.0&#8243; _module_preset=&#8221;4c32e5c0-d699-4efe-8461-7c3884b6ac81&#8243; header_2_text_color=&#8221;#FFFFFF&#8221; custom_margin=&#8221;35px||10px||false|false&#8221; custom_padding=&#8221;27px|||||&#8221; global_colors_info=&#8221;{}&#8221;]<\/p>\n<h2>NUESTRA MISI\u00d3N<\/h2>\n<p>[\/et_pb_text][et_pb_text _builder_version=&#8221;4.25.0&#8243; _module_preset=&#8221;1d65cd9d-60ba-4bca-aa07-94514607e6ad&#8221; text_font_size=&#8221;16px&#8221; global_colors_info=&#8221;{%22gcid-5a92b32a-7eb7-4cbf-bdc6-bfe5157d88a2%22:%91%22text_text_color%22%93}&#8221;]<\/p>\n<p style=\"text-align: left;\"><span style=\"color: #ffffff;\">OFRECER UN SERVICIO DE CALIDAD CON EL PERSONAL E INFRAESTRUCTURA ALTAMENTE CALIFICADA PARA GENERAR CONFIANZA EN NUESTROS CLIENTES.<\/span><\/p>\n<p>[\/et_pb_text][\/et_pb_column][et_pb_column type=&#8221;1_2&#8243; _builder_version=&#8221;4.24.3&#8243; _module_preset=&#8221;default&#8221; global_colors_info=&#8221;{}&#8221;][et_pb_image src=&#8221;https:\/\/eurotechsac.com\/wp1\/wp-content\/uploads\/2024\/04\/mechanic-92.jpg&#8221; title_text=&#8221;mechanic-92&#8243; _builder_version=&#8221;4.25.0&#8243; _module_preset=&#8221;default&#8221; custom_margin=&#8221;||46px|||&#8221; custom_padding=&#8221;95px|||||&#8221; animation_style=&#8221;slide&#8221; global_colors_info=&#8221;{}&#8221;][\/et_pb_image][\/et_pb_column][\/et_pb_row][et_pb_row column_structure=&#8221;1_2,1_2&#8243; make_equal=&#8221;on&#8221; _builder_version=&#8221;4.24.3&#8243; _module_preset=&#8221;default&#8221; background_color=&#8221;#000000&#8243; custom_padding=&#8221;13px|||||&#8221; collapsed=&#8221;on&#8221; global_colors_info=&#8221;{}&#8221;][et_pb_column type=&#8221;1_2&#8243; _builder_version=&#8221;4.24.3&#8243; _module_preset=&#8221;default&#8221; global_colors_info=&#8221;{}&#8221;][et_pb_image src=&#8221;https:\/\/eurotechsac.com\/wp1\/wp-content\/uploads\/2024\/04\/Vision-Taller.jpg&#8221; title_text=&#8221;Vision Taller&#8221; _builder_version=&#8221;4.25.0&#8243; _module_preset=&#8221;default&#8221; custom_padding=&#8221;72px|||3px||&#8221; animation_style=&#8221;slide&#8221; global_colors_info=&#8221;{}&#8221;][\/et_pb_image][\/et_pb_column][et_pb_column type=&#8221;1_2&#8243; _builder_version=&#8221;4.21.0&#8243; _module_preset=&#8221;default&#8221; custom_padding=&#8221;4vw||4vw||true|false&#8221; custom_padding_tablet=&#8221;0vw||0vw||true|false&#8221; custom_padding_phone=&#8221;0vw||0vw||true|false&#8221; custom_padding_last_edited=&#8221;on|desktop&#8221; global_colors_info=&#8221;{}&#8221;][et_pb_text _builder_version=&#8221;4.21.0&#8243; _module_preset=&#8221;4c32e5c0-d699-4efe-8461-7c3884b6ac81&#8243; header_2_text_color=&#8221;#FFFFFF&#8221; custom_margin=&#8221;||10px||false|false&#8221; global_colors_info=&#8221;{}&#8221;]<\/p>\n<h2>VISI\u00d3N<\/h2>\n<p>[\/et_pb_text][et_pb_text _builder_version=&#8221;4.25.0&#8243; _module_preset=&#8221;1d65cd9d-60ba-4bca-aa07-94514607e6ad&#8221; text_font_size=&#8221;16px&#8221; global_colors_info=&#8221;{%22gcid-5a92b32a-7eb7-4cbf-bdc6-bfe5157d88a2%22:%91%22text_text_color%22,%22text_text_color%22%93}&#8221;]<\/p>\n<p style=\"text-align: justify;\"><span style=\"color: #ffffff;\">SER RECONOCIDOS COMO EL MEJOR TALLER AUTOMOTRIZ Y LIDER EN SU SECTOR A TRAV\u00c9S DE EXPERIENCIAS \u00daNICAS CON TRANSPARENCIA Y COMPROMISO HACIA TODOS NUESTROS CLIENTES, SOCIOS Y COLABORADORES.<\/span><\/p>\n<p>[\/et_pb_text][\/et_pb_column][\/et_pb_row][\/et_pb_section][et_pb_section fb_built=&#8221;1&#8243; _builder_version=&#8221;4.27.4&#8243; _module_preset=&#8221;default&#8221; background_color=&#8221;#000000&#8243; global_colors_info=&#8221;{}&#8221;][et_pb_row _builder_version=&#8221;4.27.4&#8243; _module_preset=&#8221;default&#8221; global_colors_info=&#8221;{}&#8221; column_structure=&#8221;1_4,1_4,1_4,1_4&#8243;][et_pb_column type=&#8221;1_4&#8243; _builder_version=&#8221;4.27.4&#8243; _module_preset=&#8221;default&#8221; global_colors_info=&#8221;{}&#8221;][et_pb_code _builder_version=&#8221;4.27.4&#8243; _module_preset=&#8221;default&#8221; hover_enabled=&#8221;0&#8243; global_colors_info=&#8221;{}&#8221; sticky_enabled=&#8221;0&#8243;]<iframe loading=\"lazy\" width=\"560\" height=\"315\" src=\"https:\/\/www.youtube.com\/embed\/ve_UEJWNniI\" title=\"YouTube video\" frameborder=\"0\" allow=\"accelerometer; autoplay; clipboard-write; encrypted-media; gyroscope; picture-in-picture\" allowfullscreen> <\/iframe>[\/et_pb_code][\/et_pb_column][et_pb_column type=&#8221;1_4&#8243; _builder_version=&#8221;4.27.4&#8243; _module_preset=&#8221;default&#8221; global_colors_info=&#8221;{}&#8221;][et_pb_code _builder_version=&#8221;4.27.4&#8243; _module_preset=&#8221;default&#8221; hover_enabled=&#8221;0&#8243; sticky_enabled=&#8221;0&#8243;]<iframe loading=\"lazy\" width=\"560\" height=\"315\" src=\"https:\/\/www.youtube.com\/embed\/DhEVHj9TjFw\" title=\"YouTube video\" frameborder=\"0\" allow=\"accelerometer; autoplay; clipboard-write; encrypted-media; gyroscope; picture-in-picture\" allowfullscreen> <\/iframe>[\/et_pb_code][\/et_pb_column][et_pb_column type=&#8221;1_4&#8243; _builder_version=&#8221;4.27.4&#8243; _module_preset=&#8221;default&#8221; global_colors_info=&#8221;{}&#8221;][et_pb_code _builder_version=&#8221;4.27.4&#8243; _module_preset=&#8221;default&#8221; hover_enabled=&#8221;0&#8243; sticky_enabled=&#8221;0&#8243;]<iframe loading=\"lazy\" width=\"560\" height=\"315\" src=\"https:\/\/www.youtube.com\/embed\/IeWrS6u-F78\" title=\"YouTube video\" frameborder=\"0\" allow=\"accelerometer; autoplay; clipboard-write; encrypted-media; gyroscope; picture-in-picture\" allowfullscreen> <\/iframe>[\/et_pb_code][\/et_pb_column][et_pb_column type=&#8221;1_4&#8243; _builder_version=&#8221;4.27.4&#8243; _module_preset=&#8221;default&#8221; global_colors_info=&#8221;{}&#8221;][et_pb_code _builder_version=&#8221;4.27.4&#8243; _module_preset=&#8221;default&#8221; hover_enabled=&#8221;0&#8243; sticky_enabled=&#8221;0&#8243;]<iframe loading=\"lazy\" width=\"560\" height=\"315\" src=\"https:\/\/www.youtube.com\/embed\/s_5XVz70z3U\" title=\"YouTube video\" frameborder=\"0\" allow=\"accelerometer; autoplay; clipboard-write; encrypted-media; gyroscope; picture-in-picture\" allowfullscreen> <\/iframe>[\/et_pb_code][\/et_pb_column][\/et_pb_row][\/et_pb_section]<\/p>\n","protected":false},"excerpt":{"rendered":"<p>NOSOTROSEste \u00faltimo a\u00f1o 2024 marca un hito significativo en nuestra historia, ya que hemos implementado un riguroso plan estrat\u00e9gico destinado a elevar nuestros est\u00e1ndares de servicio a nuevas alturas. En nuestra b\u00fasqueda constante de la perfecci\u00f3n, hemos redoblado nuestros esfuerzos para brindar una atenci\u00f3n personalizada y soluciones mec\u00e1nicas de vanguardia a nuestros clientes. Nos enorgullece [&hellip;]<\/p>\n","protected":false},"author":1,"featured_media":0,"parent":0,"menu_order":0,"comment_status":"closed","ping_status":"closed","template":"","meta":{"_et_pb_use_builder":"on","_et_pb_old_content":"","_et_gb_content_width":"","footnotes":""},"class_list":["post-162","page","type-page","status-publish","hentry"],"_links":{"self":[{"href":"https:\/\/eurotechsac.com\/wp1\/wp-json\/wp\/v2\/pages\/162","targetHints":{"allow":["GET"]}}],"collection":[{"href":"https:\/\/eurotechsac.com\/wp1\/wp-json\/wp\/v2\/pages"}],"about":[{"href":"https:\/\/eurotechsac.com\/wp1\/wp-json\/wp\/v2\/types\/page"}],"author":[{"embeddable":true,"href":"https:\/\/eurotechsac.com\/wp1\/wp-json\/wp\/v2\/users\/1"}],"replies":[{"embeddable":true,"href":"https:\/\/eurotechsac.com\/wp1\/wp-json\/wp\/v2\/comments?post=162"}],"version-history":[{"count":27,"href":"https:\/\/eurotechsac.com\/wp1\/wp-json\/wp\/v2\/pages\/162\/revisions"}],"predecessor-version":[{"id":919,"href":"https:\/\/eurotechsac.com\/wp1\/wp-json\/wp\/v2\/pages\/162\/revisions\/919"}],"wp:attachment":[{"href":"https:\/\/eurotechsac.com\/wp1\/wp-json\/wp\/v2\/media?parent=162"}],"curies":[{"name":"wp","href":"https:\/\/api.w.org\/{rel}","templated":true}]}}